{"id":12,"date":"2023-12-28T12:22:33","date_gmt":"2023-12-28T11:22:33","guid":{"rendered":"https:\/\/luckey-technology.ch\/?page_id=12"},"modified":"2026-01-06T13:02:24","modified_gmt":"2026-01-06T12:02:24","slug":"home","status":"publish","type":"page","link":"https:\/\/luckey-technology.ch\/de\/","title":{"rendered":"Home"},"content":{"rendered":"<p>[et_pb_section fb_built=&#8221;1&#8243; custom_padding_last_edited=&#8221;on|phone&#8221; _builder_version=&#8221;4.23.3&#8243; _module_preset=&#8221;default&#8221; background_color=&#8221;gcid-716a6996-e06c-4f66-8af5-805e9cffaec7&#8243; background_image=&#8221;https:\/\/luckey-technology.ch\/wp-content\/uploads\/2024\/01\/Home-bg-1.webp&#8221; parallax=&#8221;on&#8221; custom_padding=&#8221;280px||280px||true|false&#8221; custom_padding_tablet=&#8221;200px||200px||true|false&#8221; custom_padding_phone=&#8221;200px||200px||true|false&#8221; global_colors_info=&#8221;{%22gcid-716a6996-e06c-4f66-8af5-805e9cffaec7%22:%91%22background_color%22%93}&#8221;][et_pb_row _builder_version=&#8221;4.23.3&#8243; _module_preset=&#8221;default&#8221; global_colors_info=&#8221;{}&#8221;][et_pb_column type=&#8221;4_4&#8243; _builder_version=&#8221;4.23.3&#8243; _module_preset=&#8221;default&#8221; global_colors_info=&#8221;{}&#8221;][et_pb_text _builder_version=&#8221;4.23.3&#8243; _module_preset=&#8221;default&#8221; header_text_color=&#8221;gcid-19456c41-aea3-4e9a-9d51-a90c21bc6e28&#8243; text_orientation=&#8221;center&#8221; custom_margin=&#8221;||0px||false|false&#8221; custom_padding=&#8221;||0px||false|false&#8221; animation_style=&#8221;slide&#8221; animation_direction=&#8221;left&#8221; animation_duration=&#8221;1200ms&#8221; animation_intensity_slide=&#8221;6%&#8221; global_colors_info=&#8221;{%22gcid-19456c41-aea3-4e9a-9d51-a90c21bc6e28%22:%91%22header_text_color%22%93}&#8221;]<\/p>\n<h1>Less is more.<\/h1>\n<p>[\/et_pb_text][et_pb_text _builder_version=&#8221;4.27.0&#8243; _module_preset=&#8221;default&#8221; header_text_color=&#8221;gcid-19456c41-aea3-4e9a-9d51-a90c21bc6e28&#8243; text_orientation=&#8221;center&#8221; animation_style=&#8221;slide&#8221; animation_direction=&#8221;right&#8221; animation_duration=&#8221;1200ms&#8221; animation_intensity_slide=&#8221;6%&#8221; global_colors_info=&#8221;{%22gcid-19456c41-aea3-4e9a-9d51-a90c21bc6e28%22:%91%22header_text_color%22%93}&#8221;]<\/p>\n<h1>Slow is core.<span class=\"trade-mark\">\u00ae<\/span><\/h1>\n<p>[\/et_pb_text][et_pb_image src=&#8221;https:\/\/luckey-technology.ch\/wp-content\/uploads\/2024\/01\/Arrow-icon.svg&#8221; url=&#8221;#1&#8243; align=&#8221;center&#8221; _builder_version=&#8221;4.23.3&#8243; _module_preset=&#8221;default&#8221; animation_style=&#8221;slide&#8221; animation_direction=&#8221;bottom&#8221; animation_duration=&#8221;1200ms&#8221; animation_delay=&#8221;600ms&#8221; animation_intensity_slide=&#8221;40%&#8221; global_colors_info=&#8221;{}&#8221;][\/et_pb_image][\/et_pb_column][\/et_pb_row][\/et_pb_section][et_pb_section fb_built=&#8221;1&#8243; _builder_version=&#8221;4.24.2&#8243; _module_preset=&#8221;default&#8221; background_color=&#8221;RGBA(255,255,255,0)&#8221; custom_margin=&#8221;-96px||||false|false&#8221; custom_margin_tablet=&#8221;-96px||||false|false&#8221; custom_margin_phone=&#8221;-96px||||false|false&#8221; custom_margin_last_edited=&#8221;on|phone&#8221; custom_padding=&#8221;0px||0px||false|false&#8221; global_colors_info=&#8221;{}&#8221;][et_pb_row column_structure=&#8221;3_5,2_5&#8243; use_custom_gutter=&#8221;on&#8221; make_equal=&#8221;on&#8221; custom_padding_last_edited=&#8221;on|desktop&#8221; module_id=&#8221;1&#8243; module_class=&#8221;custom_row&#8221; _builder_version=&#8221;4.23.4&#8243; _module_preset=&#8221;default&#8221; background_color=&#8221;gcid-19456c41-aea3-4e9a-9d51-a90c21bc6e28&#8243; background_image=&#8221;https:\/\/luckey-technology.ch\/wp-content\/uploads\/2024\/01\/Home-bg-2.svg&#8221; background_position=&#8221;bottom_center&#8221; custom_margin=&#8221;||48px||false|false&#8221; custom_padding=&#8221;96px|48px|96px|48px|true|true&#8221; custom_padding_tablet=&#8221;48px||48px||true|true&#8221; custom_padding_phone=&#8221;24px|24px|24px|24px|true|true&#8221; border_radii=&#8221;on|25px|25px|25px|25px&#8221; border_width_all=&#8221;1px&#8221; border_color_all=&#8221;#dad7d7&#8243; global_colors_info=&#8221;{%22gcid-19456c41-aea3-4e9a-9d51-a90c21bc6e28%22:%91%22background_color%22%93}&#8221;][et_pb_column type=&#8221;3_5&#8243; module_id=&#8221;second-on-mobile&#8221; module_class=&#8221;ds-vertical-align&#8221; _builder_version=&#8221;4.23.3&#8243; _module_preset=&#8221;default&#8221; animation_style=&#8221;slide&#8221; animation_direction=&#8221;bottom&#8221; animation_duration=&#8221;1200ms&#8221; animation_intensity_slide=&#8221;6%&#8221; global_colors_info=&#8221;{}&#8221;][et_pb_text _builder_version=&#8221;4.24.2&#8243; _module_preset=&#8221;default&#8221; global_colors_info=&#8221;{}&#8221;]<\/p>\n<h2>Unsere Philosophie<\/h2>\n<p>Ab 2024 f\u00fchren wir das Konzept von Slow Cybersecurity\u00a9 ein: Einen innovativen Cyberschutz unter der Maxime \u00abQualit\u00e4t vor Quantit\u00e4t\u00bb, ma\u00dfgeschneidert auf Ihre spezifischen Anforderungen, unter Ber\u00fccksichtigung Ihrer Unternehmenskultur sowie der Bed\u00fcrfnisse Ihrer Mitarbeiter und Kunden.<\/p>\n<p>Mein Name ist Urszula Luckey und ich bin Gr\u00fcnderin und Inhaberin von Luckey Technology GmbH. Das Slow Cybersecurity\u00a9-Konzept ist die geistige Frucht meiner Ausbildung in Geisteswissenschaften, kulturellem Leadership und weiblichem Enterpreneurship, kombiniert mit meiner Erfahrung in der digitalen Schweizer Wirtschaftswelt.<\/p>\n<p><strong>Klingt interessant?<\/strong>[\/et_pb_text][et_pb_button button_url=&#8221;@ET-DC@eyJkeW5hbWljIjp0cnVlLCJjb250ZW50IjoicG9zdF9saW5rX3VybF9wYWdlIiwic2V0dGluZ3MiOnsicG9zdF9pZCI6IjIwMyJ9fQ==@&#8221; button_text=&#8221;Contact Us&#8221; _builder_version=&#8221;4.23.4&#8243; _dynamic_attributes=&#8221;button_url&#8221; _module_preset=&#8221;default&#8221; global_colors_info=&#8221;{%22gcid-19456c41-aea3-4e9a-9d51-a90c21bc6e28%22:%91%22button_text_color%22%93,%22gcid-7a42894c-1879-4884-a662-dbafd290ae3d%22:%91%22button_bg_color%22%93}&#8221;][\/et_pb_button][\/et_pb_column][et_pb_column type=&#8221;2_5&#8243; module_id=&#8221;first-on-mobile&#8221; module_class=&#8221;ds-vertical-align&#8221; _builder_version=&#8221;4.23.3&#8243; _module_preset=&#8221;default&#8221; global_colors_info=&#8221;{}&#8221;][et_pb_image src=&#8221;https:\/\/luckey-technology.ch\/wp-content\/uploads\/2024\/01\/Home-img-1.webp&#8221; align=&#8221;center&#8221; _builder_version=&#8221;4.23.3&#8243; _module_preset=&#8221;default&#8221; max_width_tablet=&#8221;300px&#8221; max_width_phone=&#8221;300px&#8221; max_width_last_edited=&#8221;on|phone&#8221; scroll_vertical_motion_enable=&#8221;on&#8221; scroll_vertical_motion=&#8221;0|50|50|100|0.3|0|-0.3&#8243; global_colors_info=&#8221;{}&#8221;][\/et_pb_image][\/et_pb_column][\/et_pb_row][et_pb_row column_structure=&#8221;1_2,1_2&#8243; use_custom_gutter=&#8221;on&#8221; make_equal=&#8221;on&#8221; custom_padding_last_edited=&#8221;on|desktop&#8221; _builder_version=&#8221;4.23.4&#8243; _module_preset=&#8221;default&#8221; background_color=&#8221;gcid-d3ddd70c-fbd5-4429-8027-b95ed5f7ac78&#8243; background_enable_image=&#8221;off&#8221; background_position=&#8221;bottom_center&#8221; custom_margin=&#8221;||48px||false|false&#8221; custom_padding=&#8221;96px|48px|96px|48px|true|true&#8221; custom_padding_tablet=&#8221;48px||48px||true|true&#8221; custom_padding_phone=&#8221;24px|24px|24px|24px|true|true&#8221; border_radii=&#8221;on|25px|25px|25px|25px&#8221; border_color_all=&#8221;#dad7d7&#8243; global_colors_info=&#8221;{%22gcid-19456c41-aea3-4e9a-9d51-a90c21bc6e28%22:%91%22background_color%22%93,%22gcid-d3ddd70c-fbd5-4429-8027-b95ed5f7ac78%22:%91%22background_color%22%93}&#8221;][et_pb_column type=&#8221;1_2&#8243; _builder_version=&#8221;4.23.3&#8243; _module_preset=&#8221;default&#8221; global_colors_info=&#8221;{}&#8221;][et_pb_text _builder_version=&#8221;4.23.3&#8243; _module_preset=&#8221;default&#8221; header_2_text_color=&#8221;gcid-19456c41-aea3-4e9a-9d51-a90c21bc6e28&#8243; custom_margin=&#8221;||24px||false|false&#8221; custom_padding=&#8221;||0px||false|false&#8221; global_colors_info=&#8221;{%22gcid-19456c41-aea3-4e9a-9d51-a90c21bc6e28%22:%91%22header_2_text_color%22%93}&#8221;]<\/p>\n<h2>Was wir f\u00fcr Sie tun k\u00f6nnen<\/h2>\n<p>[\/et_pb_text][et_pb_image src=&#8221;https:\/\/luckey-technology.ch\/wp-content\/uploads\/2024\/01\/Home-img-2.webp&#8221; _builder_version=&#8221;4.23.3&#8243; _module_preset=&#8221;default&#8221; scroll_vertical_motion=&#8221;0|50|50|100|0.3|0|-0.3&#8243; border_radii=&#8221;on|20px|20px|20px|20px&#8221; global_colors_info=&#8221;{}&#8221;][\/et_pb_image][\/et_pb_column][et_pb_column type=&#8221;1_2&#8243; _builder_version=&#8221;4.23.3&#8243; _module_preset=&#8221;default&#8221; animation_style=&#8221;slide&#8221; animation_direction=&#8221;bottom&#8221; animation_duration=&#8221;1200ms&#8221; animation_intensity_slide=&#8221;6%&#8221; global_colors_info=&#8221;{}&#8221;][et_pb_text _builder_version=&#8221;4.24.2&#8243; _module_preset=&#8221;default&#8221; text_text_color=&#8221;gcid-19456c41-aea3-4e9a-9d51-a90c21bc6e28&#8243; link_font=&#8221;||||on||||&#8221; custom_padding=&#8221;70px||||false|false&#8221; custom_padding_tablet=&#8221;0px||||false|false&#8221; custom_padding_phone=&#8221;0px||||false|false&#8221; custom_padding_last_edited=&#8221;on|phone&#8221; global_colors_info=&#8221;{%22gcid-19456c41-aea3-4e9a-9d51-a90c21bc6e28%22:%91%22text_text_color%22%93,%22gcid-fecb35e0-2c1e-497d-9d95-d8e794843de2%22:%91%22link_text_color__hover%22%93}&#8221; link_text_color__hover_enabled=&#8221;on|hover&#8221; link_text_color__hover=&#8221;#e0d7db&#8221;]<\/p>\n<p>Gemeinsam mit unseren zertifizierten strategischen Partnern mit Erfahrung in internationaler Cybersecurity f\u00fcr den privaten und \u00f6ffentlichen Sektor bieten wir ein umfassendes Leistungspaket zur holistischen Bew\u00e4ltigung von Cyberrisiken an:<\/p>\n<ul>\n<li><a href=\"https:\/\/luckey-technology.ch\/de\/offering\/consulting-auditing\/\">Consulting &amp; Auditing<\/a><\/li>\n<li><a href=\"https:\/\/luckey-technology.ch\/de\/offering\/integration-services\/\">Integrationsservices<\/a><\/li>\n<li><a href=\"https:\/\/luckey-technology.ch\/de\/offering\/it-protection-services\/\">IT-Schutzdienste<\/a><\/li>\n<li><a href=\"https:\/\/luckey-technology.ch\/de\/offering\/training-governance\/\">Training &amp; Governance<\/a><\/li>\n<\/ul>\n<p>M\u00f6chten Sie mehr erfahren?<\/p>\n<p>[\/et_pb_text][et_pb_button button_url=&#8221;@ET-DC@eyJkeW5hbWljIjp0cnVlLCJjb250ZW50IjoicG9zdF9saW5rX3VybF9wYWdlIiwic2V0dGluZ3MiOnsicG9zdF9pZCI6IjE5NCJ9fQ==@&#8221; button_text=&#8221;Learn More&#8221; _builder_version=&#8221;4.23.4&#8243; _dynamic_attributes=&#8221;button_url&#8221; _module_preset=&#8221;default&#8221; button_bg_color=&#8221;RGBA(255,255,255,0)&#8221; button_border_width=&#8221;1px&#8221; button_border_color=&#8221;gcid-19456c41-aea3-4e9a-9d51-a90c21bc6e28&#8243; global_colors_info=&#8221;{%22gcid-19456c41-aea3-4e9a-9d51-a90c21bc6e28%22:%91%22button_text_color%22,%22button_text_color%22,%22button_text_color%22,%22button_border_color%22,%22button_bg_color__hover%22%93,%22gcid-7a42894c-1879-4884-a662-dbafd290ae3d%22:%91%22button_bg_color%22,%22button_bg_color%22%93,%22gcid-d3ddd70c-fbd5-4429-8027-b95ed5f7ac78%22:%91%22button_bg_color__hover%22,%22button_text_color__hover%22%93}&#8221; button_bg_color__hover_enabled=&#8221;on|hover&#8221; button_bg_color__hover=&#8221;#ffffff&#8221; button_bg_enable_color__hover=&#8221;on&#8221; button_text_color__hover_enabled=&#8221;on|hover&#8221; button_text_color__hover=&#8221;#5b1f43&#8243;][\/et_pb_button][\/et_pb_column][\/et_pb_row][\/et_pb_section][et_pb_section fb_built=&#8221;1&#8243; _builder_version=&#8221;4.24.2&#8243; _module_preset=&#8221;default&#8221; background_enable_color=&#8221;off&#8221; custom_padding=&#8221;48px||48px||true|false&#8221; animation_style=&#8221;slide&#8221; animation_direction=&#8221;bottom&#8221; animation_duration=&#8221;1200ms&#8221; animation_intensity_slide=&#8221;6%&#8221; saved_tabs=&#8221;all&#8221; global_colors_info=&#8221;{%22gcid-19456c41-aea3-4e9a-9d51-a90c21bc6e28%22:%91%22background_color%22,%22background_color%22%93,%22gcid-fecb35e0-2c1e-497d-9d95-d8e794843de2%22:%91%22box_shadow_color%22%93,%22gcid-d3ddd70c-fbd5-4429-8027-b95ed5f7ac78%22:%91%22background_color%22%93}&#8221;][et_pb_row column_structure=&#8221;3_5,2_5&#8243; _builder_version=&#8221;4.24.2&#8243; _module_preset=&#8221;default&#8221; custom_margin=&#8221;||0px||false|false&#8221; custom_padding=&#8221;0px||24px||false|false&#8221; animation_style=&#8221;slide&#8221; animation_direction=&#8221;bottom&#8221; animation_duration=&#8221;1200ms&#8221; animation_intensity_slide=&#8221;6%&#8221; global_colors_info=&#8221;{}&#8221;][et_pb_column type=&#8221;3_5&#8243; _builder_version=&#8221;4.24.2&#8243; _module_preset=&#8221;default&#8221; custom_css_main_element=&#8221;margin-bottom: 10px !important;&#8221; global_colors_info=&#8221;{}&#8221;][et_pb_text _builder_version=&#8221;4.24.2&#8243; _module_preset=&#8221;default&#8221; header_2_text_align=&#8221;left&#8221; header_3_text_align=&#8221;left&#8221; header_4_font_size_tablet=&#8221;&#8221; header_4_font_size_phone=&#8221;&#8221; header_4_font_size_last_edited=&#8221;on|tablet&#8221; global_colors_info=&#8221;{}&#8221;]<\/p>\n<h3>News<\/h3>\n<p>[\/et_pb_text][\/et_pb_column][et_pb_column type=&#8221;2_5&#8243; _builder_version=&#8221;4.23.4&#8243; _module_preset=&#8221;default&#8221; global_colors_info=&#8221;{}&#8221;][et_pb_button button_url=&#8221;@ET-DC@eyJkeW5hbWljIjp0cnVlLCJjb250ZW50IjoicG9zdF9saW5rX3VybF9wYWdlIiwic2V0dGluZ3MiOnsicG9zdF9pZCI6IjIwMSJ9fQ==@&#8221; button_text=&#8221;All News&#8221; button_alignment=&#8221;right&#8221; button_alignment_tablet=&#8221;left&#8221; button_alignment_phone=&#8221;left&#8221; button_alignment_last_edited=&#8221;on|phone&#8221; _builder_version=&#8221;4.24.2&#8243; _dynamic_attributes=&#8221;button_url&#8221; _module_preset=&#8221;699ade8b-e33d-4e16-b217-e7ba09369e4d&#8221; button_border_width=&#8221;1px&#8221; button_border_color=&#8221;gcid-19456c41-aea3-4e9a-9d51-a90c21bc6e28&#8243; global_colors_info=&#8221;{%22gcid-19456c41-aea3-4e9a-9d51-a90c21bc6e28%22:%91%22button_text_color%22,%22button_text_color%22,%22button_text_color%22,%22button_text_color%22,%22button_text_color%22,%22button_text_color%22,%22button_text_color%22,%22button_text_color%22,%22button_border_color%22%93,%22gcid-7a42894c-1879-4884-a662-dbafd290ae3d%22:%91%22button_bg_color%22,%22button_bg_color%22,%22button_bg_color%22%93,%22gcid-d3ddd70c-fbd5-4429-8027-b95ed5f7ac78%22:%91%22button_bg_color__hover%22,%22button_bg_color__hover%22%93,%22gcid-b3201b6c-953d-403e-873b-0959e2318a7d%22:%91%22button_text_color__hover%22%93}&#8221; button_bg_color__hover_enabled=&#8221;on|hover&#8221; button_bg_color__hover=&#8221;&#8221; button_bg_enable_color__hover=&#8221;on&#8221; button_text_color__hover_enabled=&#8221;on|hover&#8221; button_text_color__hover=&#8221;#f8f8f8&#8243;][\/et_pb_button][\/et_pb_column][\/et_pb_row][et_pb_row _builder_version=&#8221;4.23.4&#8243; _module_preset=&#8221;default&#8221; animation_style=&#8221;slide&#8221; animation_direction=&#8221;bottom&#8221; animation_duration=&#8221;1200ms&#8221; animation_intensity_slide=&#8221;6%&#8221; global_colors_info=&#8221;{}&#8221;][et_pb_column type=&#8221;4_4&#8243; _builder_version=&#8221;4.23.4&#8243; _module_preset=&#8221;default&#8221; global_colors_info=&#8221;{}&#8221;][et_pb_blog fullwidth=&#8221;off&#8221; posts_number=&#8221;3&#8243; include_categories=&#8221;6&#8243; meta_date=&#8221;j F, Y&#8221; excerpt_length=&#8221;120&#8243; show_author=&#8221;off&#8221; show_categories=&#8221;off&#8221; show_pagination=&#8221;off&#8221; masonry_tile_background_color=&#8221;RGBA(255,255,255,0)&#8221; _builder_version=&#8221;4.24.2&#8243; _module_preset=&#8221;default&#8221; header_level=&#8221;h3&#8243; header_font=&#8221;|600|||||||&#8221; header_font_size=&#8221;18px&#8221; header_line_height=&#8221;120%&#8221; body_line_height=&#8221;150%&#8221; meta_font=&#8221;||||||||&#8221; meta_text_color=&#8221;gcid-7a42894c-1879-4884-a662-dbafd290ae3d&#8221; custom_css_free_form=&#8221;.et_pb_blog_grid .et_pb_post {||padding: 0px !important;||}||.et_pb_image_container {||margin: 0 !important;||}||.et_pb_post .entry-featured-image-url {||margin-bottom: 12px !important;||}&#8221; border_width_all=&#8221;0px&#8221; border_radii_image=&#8221;on|10px|10px|10px|10px&#8221; global_colors_info=&#8221;{%22gcid-7a42894c-1879-4884-a662-dbafd290ae3d%22:%91%22meta_text_color%22%93}&#8221; transform_styles__hover_enabled=&#8221;off|desktop&#8221; transform_scale__hover_enabled=&#8221;off|desktop&#8221; transform_translate__hover_enabled=&#8221;off|desktop&#8221; transform_rotate__hover_enabled=&#8221;off|desktop&#8221; transform_skew__hover_enabled=&#8221;off|desktop&#8221; transform_origin__hover_enabled=&#8221;off|desktop&#8221; transform_scale__hover=&#8221;102%|102%&#8221; box_shadow_color__hover_enabled=&#8221;on|hover&#8221; box_shadow_color__hover=&#8221;rgba(20,9,17,0.15)&#8221;][\/et_pb_blog][\/et_pb_column][\/et_pb_row][\/et_pb_section]<\/p>","protected":false},"excerpt":{"rendered":"<p>Less is more.Slow is core.\u00aeOur Philosophy Starting as of 2024, we introduce the concept of Slow Cybersecurity\u00a9: a new strategic approach to business that is customized to your specific requirements, mindful of your company culture and your employees\u2019 and clients\u2019 needs, ranking quality over quantity while fostering a spirit of innovation. My name is Urszula Luckey and I am the founder and owner of Luckey Technology LLC. The Slow Cybersecurity\u00a9 concept is the fruit of my education in humanities, cultural leadership and female entrepreneurship combined with my experience in the Swiss digital business context. Sounds interesting?What we can do for YouTogether with our certified strategic partners experienced in international cybersecurity for private and governmental sectors, we offer a comprehensive set of services to address cyber risk in a holistic manner: Consulting &amp; Auditing Integration Services IT Protection Services Training &amp; Governance Want to know more?Recent News<\/p>","protected":false},"author":1,"featured_media":0,"parent":0,"menu_order":0,"comment_status":"closed","ping_status":"closed","template":"","meta":{"_et_pb_use_builder":"on","_et_pb_old_content":"","_et_gb_content_width":"","footnotes":""},"class_list":["post-12","page","type-page","status-publish","hentry"],"yoast_head":"<!-- This site is optimized with the Yoast SEO plugin v26.4 - https:\/\/yoast.com\/wordpress\/plugins\/seo\/ -->\n<title>Luckey Technology - luckey-technology.ch<\/title>\n<meta name=\"description\" content=\"Join us in the Slow Cybersecurity\u00a9 Movement! Consulting &amp; Auditing, Services Integration, ITProtection Services, Training and Governance.\" \/>\n<meta name=\"robots\" content=\"index, follow, max-snippet:-1, max-image-preview:large, max-video-preview:-1\" \/>\n<link rel=\"canonical\" href=\"https:\/\/luckey-technology.ch\/de\/\" \/>\n<meta property=\"og:locale\" content=\"de_DE\" \/>\n<meta property=\"og:type\" content=\"article\" \/>\n<meta property=\"og:title\" content=\"Luckey Technology - luckey-technology.ch\" \/>\n<meta property=\"og:description\" content=\"Join us in the Slow Cybersecurity\u00a9 Movement! Consulting &amp; Auditing, Services Integration, ITProtection Services, Training and Governance.\" \/>\n<meta property=\"og:url\" content=\"https:\/\/luckey-technology.ch\/de\/\" \/>\n<meta property=\"og:site_name\" content=\"Luckey Technology\" \/>\n<meta property=\"article:modified_time\" content=\"2026-01-06T12:02:24+00:00\" \/>\n<meta property=\"og:image\" content=\"https:\/\/luckey-technology.ch\/wp-content\/uploads\/2024\/02\/social-media.png\" \/>\n\t<meta property=\"og:image:width\" content=\"1200\" \/>\n\t<meta property=\"og:image:height\" content=\"675\" \/>\n\t<meta property=\"og:image:type\" content=\"image\/png\" \/>\n<meta name=\"twitter:card\" content=\"summary_large_image\" \/>\n<meta name=\"twitter:label1\" content=\"Gesch\u00e4tzte Lesezeit\" \/>\n\t<meta name=\"twitter:data1\" content=\"2\u00a0Minuten\" \/>\n<script type=\"application\/ld+json\" class=\"yoast-schema-graph\">{\"@context\":\"https:\/\/schema.org\",\"@graph\":[{\"@type\":\"WebPage\",\"@id\":\"https:\/\/luckey-technology.ch\/\",\"url\":\"https:\/\/luckey-technology.ch\/\",\"name\":\"Luckey Technology - luckey-technology.ch\",\"isPartOf\":{\"@id\":\"https:\/\/luckey-technology.ch\/#website\"},\"datePublished\":\"2023-12-28T11:22:33+00:00\",\"dateModified\":\"2026-01-06T12:02:24+00:00\",\"description\":\"Join us in the Slow Cybersecurity\u00a9 Movement! Consulting &amp; Auditing, Services Integration, ITProtection Services, Training and Governance.\",\"breadcrumb\":{\"@id\":\"https:\/\/luckey-technology.ch\/#breadcrumb\"},\"inLanguage\":\"de\",\"potentialAction\":[{\"@type\":\"ReadAction\",\"target\":[\"https:\/\/luckey-technology.ch\/\"]}]},{\"@type\":\"BreadcrumbList\",\"@id\":\"https:\/\/luckey-technology.ch\/#breadcrumb\",\"itemListElement\":[{\"@type\":\"ListItem\",\"position\":1,\"name\":\"Home\",\"item\":\"https:\/\/luckey-technology.ch\/\"},{\"@type\":\"ListItem\",\"position\":2,\"name\":\"Home\"}]},{\"@type\":\"WebSite\",\"@id\":\"https:\/\/luckey-technology.ch\/#website\",\"url\":\"https:\/\/luckey-technology.ch\/\",\"name\":\"Luckey Technology\",\"description\":\"\",\"potentialAction\":[{\"@type\":\"SearchAction\",\"target\":{\"@type\":\"EntryPoint\",\"urlTemplate\":\"https:\/\/luckey-technology.ch\/?s={search_term_string}\"},\"query-input\":{\"@type\":\"PropertyValueSpecification\",\"valueRequired\":true,\"valueName\":\"search_term_string\"}}],\"inLanguage\":\"de\"}]}<\/script>\n<!-- \/ Yoast SEO plugin. -->","yoast_head_json":{"title":"Luckey Technology - luckey-technology.ch","description":"Join us in the Slow Cybersecurity\u00a9 Movement! Consulting &amp; Auditing, Services Integration, ITProtection Services, Training and Governance.","robots":{"index":"index","follow":"follow","max-snippet":"max-snippet:-1","max-image-preview":"max-image-preview:large","max-video-preview":"max-video-preview:-1"},"canonical":"https:\/\/luckey-technology.ch\/de\/","og_locale":"de_DE","og_type":"article","og_title":"Luckey Technology - luckey-technology.ch","og_description":"Join us in the Slow Cybersecurity\u00a9 Movement! Consulting &amp; Auditing, Services Integration, ITProtection Services, Training and Governance.","og_url":"https:\/\/luckey-technology.ch\/de\/","og_site_name":"Luckey Technology","article_modified_time":"2026-01-06T12:02:24+00:00","og_image":[{"width":1200,"height":675,"url":"https:\/\/luckey-technology.ch\/wp-content\/uploads\/2024\/02\/social-media.png","type":"image\/png"}],"twitter_card":"summary_large_image","twitter_misc":{"Gesch\u00e4tzte Lesezeit":"2\u00a0Minuten"},"schema":{"@context":"https:\/\/schema.org","@graph":[{"@type":"WebPage","@id":"https:\/\/luckey-technology.ch\/","url":"https:\/\/luckey-technology.ch\/","name":"Luckey Technology - luckey-technology.ch","isPartOf":{"@id":"https:\/\/luckey-technology.ch\/#website"},"datePublished":"2023-12-28T11:22:33+00:00","dateModified":"2026-01-06T12:02:24+00:00","description":"Join us in the Slow Cybersecurity\u00a9 Movement! Consulting &amp; Auditing, Services Integration, ITProtection Services, Training and Governance.","breadcrumb":{"@id":"https:\/\/luckey-technology.ch\/#breadcrumb"},"inLanguage":"de","potentialAction":[{"@type":"ReadAction","target":["https:\/\/luckey-technology.ch\/"]}]},{"@type":"BreadcrumbList","@id":"https:\/\/luckey-technology.ch\/#breadcrumb","itemListElement":[{"@type":"ListItem","position":1,"name":"Home","item":"https:\/\/luckey-technology.ch\/"},{"@type":"ListItem","position":2,"name":"Home"}]},{"@type":"WebSite","@id":"https:\/\/luckey-technology.ch\/#website","url":"https:\/\/luckey-technology.ch\/","name":"Luckey Technology","description":"","potentialAction":[{"@type":"SearchAction","target":{"@type":"EntryPoint","urlTemplate":"https:\/\/luckey-technology.ch\/?s={search_term_string}"},"query-input":{"@type":"PropertyValueSpecification","valueRequired":true,"valueName":"search_term_string"}}],"inLanguage":"de"}]}},"_links":{"self":[{"href":"https:\/\/luckey-technology.ch\/de\/wp-json\/wp\/v2\/pages\/12","targetHints":{"allow":["GET"]}}],"collection":[{"href":"https:\/\/luckey-technology.ch\/de\/wp-json\/wp\/v2\/pages"}],"about":[{"href":"https:\/\/luckey-technology.ch\/de\/wp-json\/wp\/v2\/types\/page"}],"author":[{"embeddable":true,"href":"https:\/\/luckey-technology.ch\/de\/wp-json\/wp\/v2\/users\/1"}],"replies":[{"embeddable":true,"href":"https:\/\/luckey-technology.ch\/de\/wp-json\/wp\/v2\/comments?post=12"}],"version-history":[{"count":54,"href":"https:\/\/luckey-technology.ch\/de\/wp-json\/wp\/v2\/pages\/12\/revisions"}],"predecessor-version":[{"id":743,"href":"https:\/\/luckey-technology.ch\/de\/wp-json\/wp\/v2\/pages\/12\/revisions\/743"}],"wp:attachment":[{"href":"https:\/\/luckey-technology.ch\/de\/wp-json\/wp\/v2\/media?parent=12"}],"curies":[{"name":"wp","href":"https:\/\/api.w.org\/{rel}","templated":true}]}}