{"id":17,"date":"2023-12-28T12:24:27","date_gmt":"2023-12-28T11:24:27","guid":{"rendered":"https:\/\/luckey-technology.ch\/?page_id=17"},"modified":"2024-05-07T11:44:59","modified_gmt":"2024-05-07T09:44:59","slug":"cookie-policy","status":"publish","type":"page","link":"https:\/\/luckey-technology.ch\/fr\/cookie-policy\/","title":{"rendered":"Politique cookies"},"content":{"rendered":"<p>[et_pb_section fb_built=&#8221;1&#8243; custom_padding_last_edited=&#8221;on|phone&#8221; _builder_version=&#8221;4.23.4&#8243; _module_preset=&#8221;default&#8221; background_color=&#8221;gcid-716a6996-e06c-4f66-8af5-805e9cffaec7&#8243; background_image=&#8221;https:\/\/luckey-technology.ch\/wp-content\/uploads\/2024\/02\/Header-bg-1.svg&#8221; custom_padding=&#8221;200px||120px||false|false&#8221; custom_padding_tablet=&#8221;180px||100px||false|false&#8221; custom_padding_phone=&#8221;180px||100px||false|false&#8221; background_last_edited=&#8221;on|phone&#8221; background_image_tablet=&#8221;https:\/\/luckey-technology.ch\/wp-content\/uploads\/2024\/02\/Header-bg-mobile.svg&#8221; background_enable_image_tablet=&#8221;on&#8221; global_colors_info=&#8221;{%22gcid-716a6996-e06c-4f66-8af5-805e9cffaec7%22:%91%22background_color%22%93}&#8221;][et_pb_row _builder_version=&#8221;4.23.3&#8243; _module_preset=&#8221;default&#8221; global_colors_info=&#8221;{}&#8221;][et_pb_column type=&#8221;4_4&#8243; _builder_version=&#8221;4.23.3&#8243; _module_preset=&#8221;default&#8221; global_colors_info=&#8221;{}&#8221;][et_pb_text _builder_version=&#8221;4.24.0&#8243; _dynamic_attributes=&#8221;content&#8221; _module_preset=&#8221;default&#8221; header_text_color=&#8221;gcid-19456c41-aea3-4e9a-9d51-a90c21bc6e28&#8243; header_font_size=&#8221;60px&#8221; text_orientation=&#8221;center&#8221; custom_margin=&#8221;||0px||false|false&#8221; custom_padding=&#8221;||0px||false|false&#8221; global_colors_info=&#8221;{%22gcid-19456c41-aea3-4e9a-9d51-a90c21bc6e28%22:%91%22header_text_color%22%93}&#8221;]@ET-DC@eyJkeW5hbWljIjp0cnVlLCJjb250ZW50IjoicG9zdF90aXRsZSIsInNldHRpbmdzIjp7ImJlZm9yZSI6IjxoMT4iLCJhZnRlciI6IjwvaDE+In19@[\/et_pb_text][\/et_pb_column][\/et_pb_row][\/et_pb_section][et_pb_section fb_built=&#8221;1&#8243; _builder_version=&#8221;4.24.0&#8243; _module_preset=&#8221;default&#8221; global_colors_info=&#8221;{}&#8221;][et_pb_row _builder_version=&#8221;4.24.0&#8243; _module_preset=&#8221;default&#8221; global_colors_info=&#8221;{}&#8221;][et_pb_column type=&#8221;4_4&#8243; _builder_version=&#8221;4.24.0&#8243; _module_preset=&#8221;default&#8221; global_colors_info=&#8221;{}&#8221;][et_pb_text _builder_version=&#8221;4.24.2&#8243; _module_preset=&#8221;default&#8221; hover_enabled=&#8221;0&#8243; global_colors_info=&#8221;{}&#8221; sticky_enabled=&#8221;0&#8243;]<\/p>\n<h2>Ce site utilise des cookies.<\/h2>\n<p>Il s'agit de petits fichiers texte qui permettent de stocker des informations sp\u00e9cifiques sur l'appareil de l'utilisateur pendant qu'il utilise le site web. Les cookies permettent notamment de d\u00e9terminer la fr\u00e9quence d'utilisation et le nombre d'utilisateurs des pages, d'analyser les mod\u00e8les comportementaux d'utilisation des pages, mais aussi de rendre notre offre plus conviviale. Les cookies restent stock\u00e9s au-del\u00e0 de la fin d'une session de navigation et peuvent \u00eatre consult\u00e9s \u00e0 nouveau lorsque vous visitez \u00e0 nouveau le site. Si vous ne le souhaitez pas, vous devez configurer votre navigateur Internet de mani\u00e8re \u00e0 ce qu'il refuse d'accepter les cookies.<\/p>\n<p>Notre philosophie est d\u2019utiliser le moins de cookies possible et uniquement ceux qui sont n\u00e9cessaires au fonctionnement de notre site web.<\/p>\n<p>[\/et_pb_text][et_pb_button button_url=&#8221;@ET-DC@eyJkeW5hbWljIjp0cnVlLCJjb250ZW50IjoicG9zdF9saW5rX3VybF9wYWdlIiwic2V0dGluZ3MiOnsicG9zdF9pZCI6IjE1In19@&#8221; button_text=&#8221;Data Policy&#8221; _builder_version=&#8221;4.24.0&#8243; _dynamic_attributes=&#8221;button_url&#8221; _module_preset=&#8221;default&#8221; global_colors_info=&#8221;{}&#8221;][\/et_pb_button][\/et_pb_column][\/et_pb_row][\/et_pb_section]<\/p>","protected":false},"excerpt":{"rendered":"<p>This site uses cookies. These are small text files that make it possible to store specific user-related information on the user&#8217;s device while the user is using the website. In particular, cookies make it possible to determine the frequency of use and the number of users of the pages, to analyze behavioral patterns of page use, but also to make our offering more customer-friendly. Cookies remain stored beyond the end of a browser session and can be accessed again when you visit the site again. If you do not want this, you should set your internet browser so that it refuses to accept cookies. Our philosophy is to use as little cookies as possible and only those that are necessary to operate our website.<\/p>","protected":false},"author":1,"featured_media":0,"parent":0,"menu_order":0,"comment_status":"closed","ping_status":"closed","template":"","meta":{"_et_pb_use_builder":"on","_et_pb_old_content":"","_et_gb_content_width":"","footnotes":""},"class_list":["post-17","page","type-page","status-publish","hentry"],"yoast_head":"<!-- This site is optimized with the Yoast SEO plugin v26.4 - https:\/\/yoast.com\/wordpress\/plugins\/seo\/ -->\n<title>Cookie Policy - Luckey Technology - luckey-technology.ch<\/title>\n<meta name=\"robots\" content=\"noindex, follow\" \/>\n<meta property=\"og:locale\" content=\"fr_FR\" \/>\n<meta property=\"og:type\" content=\"article\" \/>\n<meta property=\"og:title\" content=\"Cookie Policy - Luckey Technology - luckey-technology.ch\" \/>\n<meta property=\"og:description\" content=\"This site uses cookies. These are small text files that make it possible to store specific user-related information on the user&#039;s device while the user is using the website. In particular, cookies make it possible to determine the frequency of use and the number of users of the pages, to analyze behavioral patterns of page use, but also to make our offering more customer-friendly. Cookies remain stored beyond the end of a browser session and can be accessed again when you visit the site again. If you do not want this, you should set your internet browser so that it refuses to accept cookies. Our philosophy is to use as little cookies as possible and only those that are necessary to operate our website.\" \/>\n<meta property=\"og:url\" content=\"https:\/\/luckey-technology.ch\/fr\/cookie-policy\/\" \/>\n<meta property=\"og:site_name\" content=\"Luckey Technology\" \/>\n<meta property=\"article:modified_time\" content=\"2024-05-07T09:44:59+00:00\" \/>\n<meta property=\"og:image\" content=\"https:\/\/luckey-technology.ch\/wp-content\/uploads\/2024\/02\/social-media.png\" \/>\n\t<meta property=\"og:image:width\" content=\"1200\" \/>\n\t<meta property=\"og:image:height\" content=\"675\" \/>\n\t<meta property=\"og:image:type\" content=\"image\/png\" \/>\n<meta name=\"twitter:card\" content=\"summary_large_image\" \/>\n<script type=\"application\/ld+json\" class=\"yoast-schema-graph\">{\"@context\":\"https:\/\/schema.org\",\"@graph\":[{\"@type\":\"WebPage\",\"@id\":\"https:\/\/luckey-technology.ch\/cookie-policy\/\",\"url\":\"https:\/\/luckey-technology.ch\/cookie-policy\/\",\"name\":\"Cookie Policy - Luckey Technology - luckey-technology.ch\",\"isPartOf\":{\"@id\":\"https:\/\/luckey-technology.ch\/#website\"},\"datePublished\":\"2023-12-28T11:24:27+00:00\",\"dateModified\":\"2024-05-07T09:44:59+00:00\",\"breadcrumb\":{\"@id\":\"https:\/\/luckey-technology.ch\/cookie-policy\/#breadcrumb\"},\"inLanguage\":\"fr-FR\",\"potentialAction\":[{\"@type\":\"ReadAction\",\"target\":[\"https:\/\/luckey-technology.ch\/cookie-policy\/\"]}]},{\"@type\":\"BreadcrumbList\",\"@id\":\"https:\/\/luckey-technology.ch\/cookie-policy\/#breadcrumb\",\"itemListElement\":[{\"@type\":\"ListItem\",\"position\":1,\"name\":\"Home\",\"item\":\"https:\/\/luckey-technology.ch\/\"},{\"@type\":\"ListItem\",\"position\":2,\"name\":\"Cookie Policy\"}]},{\"@type\":\"WebSite\",\"@id\":\"https:\/\/luckey-technology.ch\/#website\",\"url\":\"https:\/\/luckey-technology.ch\/\",\"name\":\"Luckey Technology\",\"description\":\"\",\"potentialAction\":[{\"@type\":\"SearchAction\",\"target\":{\"@type\":\"EntryPoint\",\"urlTemplate\":\"https:\/\/luckey-technology.ch\/?s={search_term_string}\"},\"query-input\":{\"@type\":\"PropertyValueSpecification\",\"valueRequired\":true,\"valueName\":\"search_term_string\"}}],\"inLanguage\":\"fr-FR\"}]}<\/script>\n<!-- \/ Yoast SEO plugin. -->","yoast_head_json":{"title":"Cookie Policy - Luckey Technology - luckey-technology.ch","robots":{"index":"noindex","follow":"follow"},"og_locale":"fr_FR","og_type":"article","og_title":"Cookie Policy - Luckey Technology - luckey-technology.ch","og_description":"This site uses cookies. These are small text files that make it possible to store specific user-related information on the user's device while the user is using the website. In particular, cookies make it possible to determine the frequency of use and the number of users of the pages, to analyze behavioral patterns of page use, but also to make our offering more customer-friendly. Cookies remain stored beyond the end of a browser session and can be accessed again when you visit the site again. If you do not want this, you should set your internet browser so that it refuses to accept cookies. Our philosophy is to use as little cookies as possible and only those that are necessary to operate our website.","og_url":"https:\/\/luckey-technology.ch\/fr\/cookie-policy\/","og_site_name":"Luckey Technology","article_modified_time":"2024-05-07T09:44:59+00:00","og_image":[{"width":1200,"height":675,"url":"https:\/\/luckey-technology.ch\/wp-content\/uploads\/2024\/02\/social-media.png","type":"image\/png"}],"twitter_card":"summary_large_image","schema":{"@context":"https:\/\/schema.org","@graph":[{"@type":"WebPage","@id":"https:\/\/luckey-technology.ch\/cookie-policy\/","url":"https:\/\/luckey-technology.ch\/cookie-policy\/","name":"Cookie Policy - Luckey Technology - luckey-technology.ch","isPartOf":{"@id":"https:\/\/luckey-technology.ch\/#website"},"datePublished":"2023-12-28T11:24:27+00:00","dateModified":"2024-05-07T09:44:59+00:00","breadcrumb":{"@id":"https:\/\/luckey-technology.ch\/cookie-policy\/#breadcrumb"},"inLanguage":"fr-FR","potentialAction":[{"@type":"ReadAction","target":["https:\/\/luckey-technology.ch\/cookie-policy\/"]}]},{"@type":"BreadcrumbList","@id":"https:\/\/luckey-technology.ch\/cookie-policy\/#breadcrumb","itemListElement":[{"@type":"ListItem","position":1,"name":"Home","item":"https:\/\/luckey-technology.ch\/"},{"@type":"ListItem","position":2,"name":"Cookie Policy"}]},{"@type":"WebSite","@id":"https:\/\/luckey-technology.ch\/#website","url":"https:\/\/luckey-technology.ch\/","name":"Luckey Technology","description":"","potentialAction":[{"@type":"SearchAction","target":{"@type":"EntryPoint","urlTemplate":"https:\/\/luckey-technology.ch\/?s={search_term_string}"},"query-input":{"@type":"PropertyValueSpecification","valueRequired":true,"valueName":"search_term_string"}}],"inLanguage":"fr-FR"}]}},"_links":{"self":[{"href":"https:\/\/luckey-technology.ch\/fr\/wp-json\/wp\/v2\/pages\/17","targetHints":{"allow":["GET"]}}],"collection":[{"href":"https:\/\/luckey-technology.ch\/fr\/wp-json\/wp\/v2\/pages"}],"about":[{"href":"https:\/\/luckey-technology.ch\/fr\/wp-json\/wp\/v2\/types\/page"}],"author":[{"embeddable":true,"href":"https:\/\/luckey-technology.ch\/fr\/wp-json\/wp\/v2\/users\/1"}],"replies":[{"embeddable":true,"href":"https:\/\/luckey-technology.ch\/fr\/wp-json\/wp\/v2\/comments?post=17"}],"version-history":[{"count":6,"href":"https:\/\/luckey-technology.ch\/fr\/wp-json\/wp\/v2\/pages\/17\/revisions"}],"predecessor-version":[{"id":718,"href":"https:\/\/luckey-technology.ch\/fr\/wp-json\/wp\/v2\/pages\/17\/revisions\/718"}],"wp:attachment":[{"href":"https:\/\/luckey-technology.ch\/fr\/wp-json\/wp\/v2\/media?parent=17"}],"curies":[{"name":"wp","href":"https:\/\/api.w.org\/{rel}","templated":true}]}}