{"id":199,"date":"2024-02-12T07:10:39","date_gmt":"2024-02-12T06:10:39","guid":{"rendered":"https:\/\/luckey-technology.ch\/?page_id=199"},"modified":"2024-08-31T11:15:32","modified_gmt":"2024-08-31T09:15:32","slug":"ecosystem","status":"publish","type":"page","link":"https:\/\/luckey-technology.ch\/fr\/ecosystem\/","title":{"rendered":"Ecosyst\u00e8me"},"content":{"rendered":"<p>[et_pb_section fb_built=&#8221;1&#8243; custom_padding_last_edited=&#8221;on|phone&#8221; _builder_version=&#8221;4.23.4&#8243; _module_preset=&#8221;default&#8221; background_color=&#8221;gcid-716a6996-e06c-4f66-8af5-805e9cffaec7&#8243; background_image=&#8221;https:\/\/luckey-technology.ch\/wp-content\/uploads\/2024\/02\/Header-bg-1.svg&#8221; custom_padding=&#8221;200px||120px||false|false&#8221; custom_padding_tablet=&#8221;180px||100px||false|false&#8221; custom_padding_phone=&#8221;180px||100px||false|false&#8221; background_last_edited=&#8221;on|phone&#8221; background_image_tablet=&#8221;https:\/\/luckey-technology.ch\/wp-content\/uploads\/2024\/02\/Header-bg-mobile.svg&#8221; background_enable_image_tablet=&#8221;on&#8221; global_colors_info=&#8221;{%22gcid-716a6996-e06c-4f66-8af5-805e9cffaec7%22:%91%22background_color%22%93}&#8221;][et_pb_row _builder_version=&#8221;4.23.3&#8243; _module_preset=&#8221;default&#8221; global_colors_info=&#8221;{}&#8221;][et_pb_column type=&#8221;4_4&#8243; _builder_version=&#8221;4.23.3&#8243; _module_preset=&#8221;default&#8221; global_colors_info=&#8221;{}&#8221;][et_pb_text _builder_version=&#8221;4.23.4&#8243; _dynamic_attributes=&#8221;content&#8221; _module_preset=&#8221;default&#8221; header_text_color=&#8221;gcid-19456c41-aea3-4e9a-9d51-a90c21bc6e28&#8243; header_font_size=&#8221;60px&#8221; text_orientation=&#8221;center&#8221; custom_margin=&#8221;||0px||false|false&#8221; custom_padding=&#8221;||0px||false|false&#8221; animation_style=&#8221;fade&#8221; animation_duration=&#8221;1200ms&#8221; global_colors_info=&#8221;{%22gcid-19456c41-aea3-4e9a-9d51-a90c21bc6e28%22:%91%22header_text_color%22%93}&#8221;]@ET-DC@eyJkeW5hbWljIjp0cnVlLCJjb250ZW50IjoicG9zdF90aXRsZSIsInNldHRpbmdzIjp7ImJlZm9yZSI6IjxoMT4iLCJhZnRlciI6IjwvaDE+In19@[\/et_pb_text][\/et_pb_column][\/et_pb_row][\/et_pb_section][et_pb_section fb_built=&#8221;1&#8243; _builder_version=&#8221;4.24.0&#8243; _module_preset=&#8221;default&#8221; background_enable_color=&#8221;off&#8221; use_background_color_gradient=&#8221;on&#8221; background_color_gradient_stops=&#8221;rgba(255,255,255,0.96) 0%|rgba(255,255,255,0.96) 100%&#8221; background_color_gradient_overlays_image=&#8221;on&#8221; background_image=&#8221;https:\/\/luckey-technology.ch\/wp-content\/uploads\/2024\/02\/Philiospophy-bg-2.webp&#8221; parallax=&#8221;on&#8221; custom_padding=&#8221;96px||96px||true|false&#8221; global_colors_info=&#8221;{}&#8221;][et_pb_row column_structure=&#8221;1_2,1_2&#8243; _builder_version=&#8221;4.23.4&#8243; _module_preset=&#8221;default&#8221; custom_padding=&#8221;0px||48px||false|false&#8221; border_width_bottom=&#8221;1px&#8221; border_color_bottom=&#8221;gcid-fecb35e0-2c1e-497d-9d95-d8e794843de2&#8243; global_colors_info=&#8221;{%22gcid-fecb35e0-2c1e-497d-9d95-d8e794843de2%22:%91%22border_color_bottom%22%93}&#8221;][et_pb_column type=&#8221;1_2&#8243; _builder_version=&#8221;4.23.4&#8243; _module_preset=&#8221;default&#8221; animation_style=&#8221;slide&#8221; animation_direction=&#8221;left&#8221; animation_duration=&#8221;1200ms&#8221; animation_delay=&#8221;100ms&#8221; animation_intensity_slide=&#8221;6%&#8221; animation_delay_tablet=&#8221;0ms&#8221; animation_delay_phone=&#8221;0ms&#8221; animation_delay_last_edited=&#8221;on|phone&#8221; global_colors_info=&#8221;{}&#8221;][et_pb_text _builder_version=&#8221;4.23.4&#8243; _module_preset=&#8221;default&#8221; global_colors_info=&#8221;{}&#8221;]<\/p>\n<h3>Diversit\u00e9, cr\u00e9ativit\u00e9 et exp\u00e9rience certifi\u00e9e pour naviguer en toute s\u00e9curit\u00e9 dans le monde num\u00e9rique<\/h3>\n<p>[\/et_pb_text][\/et_pb_column][et_pb_column type=&#8221;1_2&#8243; _builder_version=&#8221;4.23.4&#8243; _module_preset=&#8221;default&#8221; animation_style=&#8221;slide&#8221; animation_direction=&#8221;right&#8221; animation_duration=&#8221;1200ms&#8221; animation_delay=&#8221;100ms&#8221; animation_intensity_slide=&#8221;6%&#8221; animation_delay_tablet=&#8221;0ms&#8221; animation_delay_phone=&#8221;0ms&#8221; animation_delay_last_edited=&#8221;on|phone&#8221; global_colors_info=&#8221;{}&#8221;][et_pb_text _builder_version=&#8221;4.23.4&#8243; _module_preset=&#8221;default&#8221; global_colors_info=&#8221;{}&#8221;]A unique blend of female entrepreneurship, deep cybersecurity know-how, holistic humanistic perspective and a team that has a proven track record in protecting private sector and governmental clients internationally.[\/et_pb_text][\/et_pb_column][\/et_pb_row][et_pb_row _builder_version=&#8221;4.23.4&#8243; _module_preset=&#8221;default&#8221; custom_padding=&#8221;48px||24px||false|false&#8221; animation_style=&#8221;fade&#8221; animation_duration=&#8221;1200ms&#8221; global_colors_info=&#8221;{}&#8221;][et_pb_column type=&#8221;4_4&#8243; _builder_version=&#8221;4.23.4&#8243; _module_preset=&#8221;default&#8221; global_colors_info=&#8221;{}&#8221;][et_pb_text _builder_version=&#8221;4.23.4&#8243; _module_preset=&#8221;default&#8221; header_2_text_align=&#8221;center&#8221; global_colors_info=&#8221;{}&#8221;]<\/p>\n<h2>Rencontrer l'\u00e9quipe<\/h2>\n<p>[\/et_pb_text][\/et_pb_column][\/et_pb_row][et_pb_row column_structure=&#8221;1_3,1_3,1_3&#8243; use_custom_gutter=&#8221;on&#8221; gutter_width=&#8221;2&#8243; make_equal=&#8221;on&#8221; _builder_version=&#8221;4.23.4&#8243; _module_preset=&#8221;default&#8221; custom_margin=&#8221;||48px||false|false&#8221; global_colors_info=&#8221;{}&#8221;][et_pb_column type=&#8221;1_3&#8243; _builder_version=&#8221;4.23.4&#8243; _module_preset=&#8221;default&#8221; background_color=&#8221;gcid-19456c41-aea3-4e9a-9d51-a90c21bc6e28&#8243; custom_padding=&#8221;24px|24px|24px|24px|true|true&#8221; animation_style=&#8221;slide&#8221; animation_direction=&#8221;bottom&#8221; animation_duration=&#8221;1200ms&#8221; animation_delay=&#8221;100ms&#8221; animation_intensity_slide=&#8221;6%&#8221; animation_delay_tablet=&#8221;0ms&#8221; animation_delay_phone=&#8221;0ms&#8221; animation_delay_last_edited=&#8221;on|phone&#8221; border_radii=&#8221;on|20px|20px|20px|20px&#8221; box_shadow_style=&#8221;preset1&#8243; box_shadow_color=&#8221;rgba(20,9,17,0.1)&#8221; global_colors_info=&#8221;{%22gcid-19456c41-aea3-4e9a-9d51-a90c21bc6e28%22:%91%22background_color%22%93}&#8221;][et_pb_team_member name=&#8221;Urszula Luckey&#8221; position=&#8221;Founder &#038; CEO&#8221; image_url=&#8221;https:\/\/luckey-technology.ch\/wp-content\/uploads\/2024\/01\/Home-img-1.webp&#8221; _builder_version=&#8221;4.23.4&#8243; _module_preset=&#8221;default&#8221; header_level=&#8221;h3&#8243; header_font=&#8221;|600|||||||&#8221; body_text_align=&#8221;center&#8221; body_font_size=&#8221;16px&#8221; body_line_height=&#8221;150%&#8221; position_font=&#8221;|600|||||||&#8221; position_text_color=&#8221;gcid-7a42894c-1879-4884-a662-dbafd290ae3d&#8221; custom_css_member_image=&#8221;max-width: 200px;||margin: auto;||padding-bottom: 12px;&#8221; custom_css_member_position=&#8221;padding-bottom: 12px !important;&#8221; global_colors_info=&#8221;{%22gcid-7a42894c-1879-4884-a662-dbafd290ae3d%22:%91%22position_text_color%22%93}&#8221;]Urszula is a Swiss entrepreneur with an education in humanities and cultural leadership and a 20-year professional background in procurement and process management. She is on a mission to introduce humanistic values into the emerging Society 5.0 and interested in the intersection between technology, sustainability, and female entrepreneurship. She created the Slow Cybersecurity\u00a9 framework to bring a more holistic perspective into cybersecurity to address cyberthreats resulting from the complexities of modern business and life.[\/et_pb_team_member][\/et_pb_column][et_pb_column type=&#8221;1_3&#8243; _builder_version=&#8221;4.23.4&#8243; _module_preset=&#8221;default&#8221; background_color=&#8221;gcid-19456c41-aea3-4e9a-9d51-a90c21bc6e28&#8243; custom_padding=&#8221;24px|24px|24px|24px|true|true&#8221; animation_style=&#8221;slide&#8221; animation_direction=&#8221;bottom&#8221; animation_duration=&#8221;1200ms&#8221; animation_delay=&#8221;200ms&#8221; animation_intensity_slide=&#8221;6%&#8221; animation_delay_tablet=&#8221;0ms&#8221; animation_delay_phone=&#8221;0ms&#8221; animation_delay_last_edited=&#8221;on|phone&#8221; border_radii=&#8221;on|20px|20px|20px|20px&#8221; box_shadow_style=&#8221;preset1&#8243; box_shadow_color=&#8221;rgba(20,9,17,0.1)&#8221; global_colors_info=&#8221;{%22gcid-19456c41-aea3-4e9a-9d51-a90c21bc6e28%22:%91%22background_color%22%93}&#8221;][et_pb_team_member name=&#8221;Our Auditing Partners&#8221; position=&#8221;.&#8221; image_url=&#8221;https:\/\/luckey-technology.ch\/wp-content\/uploads\/2024\/02\/Our-Auditing-Partners-img.webp&#8221; _builder_version=&#8221;4.24.0&#8243; _module_preset=&#8221;default&#8221; header_level=&#8221;h3&#8243; header_font=&#8221;|600|||||||&#8221; body_text_align=&#8221;center&#8221; body_font_size=&#8221;16px&#8221; body_line_height=&#8221;150%&#8221; position_font=&#8221;|600|||||||&#8221; position_text_color=&#8221;RGBA(255,255,255,0)&#8221; custom_css_member_image=&#8221;max-width: 200px;||margin: auto;||padding-bottom: 12px;&#8221; custom_css_member_position=&#8221;padding-bottom: 12px !important;&#8221; global_colors_info=&#8221;{}&#8221;]<\/p>\n<p>Nous travaillons avec des experts en cybers\u00e9curit\u00e9 qui ont plus de 10 ans d'exp\u00e9rience internationale dans l'\u00e9laboration et l'ex\u00e9cution de strat\u00e9gies de cybers\u00e9curit\u00e9 pour des clients dans de multiples secteurs. Ils sont, entre autres, certifi\u00e9s Lead Auditor ISO\/IEC 27001, Certified Network Defender (CND) et Certified Threat Intelligence Analyst (CTIA).<\/p>\n<p>[\/et_pb_team_member][\/et_pb_column][et_pb_column type=&#8221;1_3&#8243; _builder_version=&#8221;4.23.4&#8243; _module_preset=&#8221;default&#8221; background_color=&#8221;gcid-19456c41-aea3-4e9a-9d51-a90c21bc6e28&#8243; custom_padding=&#8221;24px|24px|24px|24px|true|true&#8221; animation_style=&#8221;slide&#8221; animation_direction=&#8221;bottom&#8221; animation_duration=&#8221;1200ms&#8221; animation_delay=&#8221;300ms&#8221; animation_intensity_slide=&#8221;6%&#8221; animation_delay_tablet=&#8221;0ms&#8221; animation_delay_phone=&#8221;0ms&#8221; animation_delay_last_edited=&#8221;on|phone&#8221; border_radii=&#8221;on|20px|20px|20px|20px&#8221; box_shadow_style=&#8221;preset1&#8243; box_shadow_color=&#8221;rgba(20,9,17,0.1)&#8221; global_colors_info=&#8221;{%22gcid-19456c41-aea3-4e9a-9d51-a90c21bc6e28%22:%91%22background_color%22%93}&#8221;][et_pb_team_member name=&#8221;Our Technology Partners&#8221; position=&#8221;.&#8221; image_url=&#8221;https:\/\/luckey-technology.ch\/wp-content\/uploads\/2024\/02\/Technology-partners2.webp&#8221; _builder_version=&#8221;4.24.0&#8243; _module_preset=&#8221;default&#8221; header_level=&#8221;h3&#8243; header_font=&#8221;|600|||||||&#8221; body_text_align=&#8221;center&#8221; body_font_size=&#8221;16px&#8221; body_line_height=&#8221;150%&#8221; position_font=&#8221;|600|||||||&#8221; position_text_color=&#8221;RGBA(255,255,255,0)&#8221; custom_css_member_image=&#8221;max-width: 200px;||margin: auto;||padding-bottom: 12px;&#8221; custom_css_member_position=&#8221;padding-bottom: 12px !important;&#8221; global_colors_info=&#8221;{}&#8221;]<\/p>\n<p>Nous travaillons avec une \u00e9quipe d'experts en cybers\u00e9curit\u00e9 bas\u00e9s en Europe qui ont fait leurs preuves en mati\u00e8re de fourniture de services de cybers\u00e9curit\u00e9 de pointe \u00e0 des clients internationaux issus des secteurs priv\u00e9 et gouvernemental. Notre \u00e9quipe est certifi\u00e9e par les plus grands noms de l'industrie informatique.<\/p>\n<p>[\/et_pb_team_member][\/et_pb_column][\/et_pb_row][et_pb_row _builder_version=&#8221;4.23.4&#8243; _module_preset=&#8221;default&#8221; animation_style=&#8221;fade&#8221; animation_duration=&#8221;1200ms&#8221; global_colors_info=&#8221;{}&#8221;][et_pb_column type=&#8221;4_4&#8243; _builder_version=&#8221;4.23.4&#8243; _module_preset=&#8221;default&#8221; global_colors_info=&#8221;{}&#8221;][et_pb_image src=&#8221;https:\/\/luckey-technology.ch\/wp-content\/uploads\/2024\/02\/Certificates-img.webp&#8221; align=&#8221;center&#8221; _builder_version=&#8221;4.24.0&#8243; _module_preset=&#8221;default&#8221; max_width=&#8221;400px&#8221; global_colors_info=&#8221;{}&#8221;][\/et_pb_image][\/et_pb_column][\/et_pb_row][\/et_pb_section][et_pb_section fb_built=&#8221;1&#8243; _builder_version=&#8221;4.23.4&#8243; _module_preset=&#8221;default&#8221; background_color=&#8221;gcid-d3ddd70c-fbd5-4429-8027-b95ed5f7ac78&#8243; background_image=&#8221;https:\/\/luckey-technology.ch\/wp-content\/uploads\/2024\/02\/CTA-bg-2.svg&#8221; background_size=&#8221;custom&#8221; background_image_width=&#8221;24%&#8221; background_position=&#8221;center_right&#8221; background_horizontal_offset=&#8221;16%&#8221; custom_padding=&#8221;48px||48px||true|false&#8221; background_last_edited=&#8221;on|phone&#8221; background_image_width_tablet=&#8221;50%&#8221; background_image_width_phone=&#8221;75%&#8221; background_position_tablet=&#8221;bottom_right&#8221; background_horizontal_offset_tablet=&#8221;8%&#8221; background_horizontal_offset_phone=&#8221;8%&#8221; background_vertical_offset_tablet=&#8221;20%&#8221; background_vertical_offset_phone=&#8221;6%&#8221; global_colors_info=&#8221;{%22gcid-d3ddd70c-fbd5-4429-8027-b95ed5f7ac78%22:%91%22background_color%22%93}&#8221;][et_pb_row column_structure=&#8221;2_3,1_3&#8243; use_custom_gutter=&#8221;on&#8221; gutter_width=&#8221;2&#8243; make_equal=&#8221;on&#8221; _builder_version=&#8221;4.23.4&#8243; _module_preset=&#8221;default&#8221; global_colors_info=&#8221;{}&#8221;][et_pb_column type=&#8221;2_3&#8243; module_class=&#8221;ds-vertical-align&#8221; _builder_version=&#8221;4.23.4&#8243; _module_preset=&#8221;default&#8221; animation_style=&#8221;slide&#8221; animation_direction=&#8221;left&#8221; animation_duration=&#8221;1200ms&#8221; animation_delay=&#8221;100ms&#8221; animation_intensity_slide=&#8221;6%&#8221; animation_delay_tablet=&#8221;0ms&#8221; animation_delay_phone=&#8221;0ms&#8221; animation_delay_last_edited=&#8221;on|desktop&#8221; global_colors_info=&#8221;{}&#8221;][et_pb_text _builder_version=&#8221;4.27.0&#8243; _module_preset=&#8221;default&#8221; text_text_color=&#8221;gcid-19456c41-aea3-4e9a-9d51-a90c21bc6e28&#8243; header_3_text_color=&#8221;gcid-19456c41-aea3-4e9a-9d51-a90c21bc6e28&#8243; hover_enabled=&#8221;0&#8243; global_colors_info=&#8221;{%22gcid-19456c41-aea3-4e9a-9d51-a90c21bc6e28%22:%91%22header_3_text_color%22,%22text_text_color%22%93}&#8221; sticky_enabled=&#8221;0&#8243;]<\/p>\n<h3>Our Philosophy: Less is More. Slow is Core.\u00ae<\/h3>\n<p>Join us in the Slow Cybersecurity\u00a9 Movement[\/et_pb_text][\/et_pb_column][et_pb_column type=&#8221;1_3&#8243; module_class=&#8221;ds-vertical-align&#8221; _builder_version=&#8221;4.23.4&#8243; _module_preset=&#8221;default&#8221; animation_style=&#8221;slide&#8221; animation_direction=&#8221;right&#8221; animation_duration=&#8221;1200ms&#8221; animation_delay=&#8221;100ms&#8221; animation_intensity_slide=&#8221;6%&#8221; animation_delay_tablet=&#8221;0ms&#8221; animation_delay_phone=&#8221;0ms&#8221; animation_delay_last_edited=&#8221;on|desktop&#8221; global_colors_info=&#8221;{}&#8221;][et_pb_button button_url=&#8221;@ET-DC@eyJkeW5hbWljIjp0cnVlLCJjb250ZW50IjoicG9zdF9saW5rX3VybF9wYWdlIiwic2V0dGluZ3MiOnsicG9zdF9pZCI6IjIwMyJ9fQ==@&#8221; button_text=&#8221;Contact Us&#8221; button_alignment=&#8221;right&#8221; button_alignment_tablet=&#8221;left&#8221; button_alignment_phone=&#8221;left&#8221; button_alignment_last_edited=&#8221;on|phone&#8221; _builder_version=&#8221;4.23.4&#8243; _dynamic_attributes=&#8221;button_url&#8221; _module_preset=&#8221;default&#8221; global_colors_info=&#8221;{%22gcid-19456c41-aea3-4e9a-9d51-a90c21bc6e28%22:%91%22button_text_color%22,%22button_text_color%22,%22button_bg_color__hover%22%93,%22gcid-7a42894c-1879-4884-a662-dbafd290ae3d%22:%91%22button_bg_color%22,%22button_bg_color%22,%22button_bg_color%22,%22button_bg_color%22,%22button_bg_color%22%93,%22gcid-d3ddd70c-fbd5-4429-8027-b95ed5f7ac78%22:%91%22button_bg_color__hover%22,%22button_text_color__hover%22%93}&#8221; button_bg_color__hover_enabled=&#8221;on|hover&#8221; button_bg_color__hover=&#8221;#ffffff&#8221; button_bg_enable_color__hover=&#8221;on&#8221; button_text_color__hover_enabled=&#8221;on|hover&#8221; button_text_color__hover=&#8221;#5b1f43&#8243;][\/et_pb_button][\/et_pb_column][\/et_pb_row][\/et_pb_section]<\/p>","protected":false},"excerpt":{"rendered":"<p>Diversity, Creativity and certified Experience to navigate safely through the digital worldA unique blend of female entrepreneurship, deep cybersecurity know-how, holistic humanistic perspective and a team that has a proven track record in protecting private sector and governmental clients internationally.Meet the TeamUrszula is a Swiss entrepreneur with an education in humanities and cultural leadership and a 20-year professional background in procurement and process management. She is on a mission to introduce humanistic values into the emerging Society 5.0 and interested in the intersection between technology, sustainability, and female entrepreneurship. She created the Slow Cybersecurity\u00a9 framework to bring a more holistic perspective into cybersecurity to address cyberthreats resulting from the complexities of modern business and life.We work together with Cybersecurity Experts with over 10 years of international experience in shaping and executing cybersecurity strategies for clients in multiple industries. They are, among others, certified Lead Auditor ISO\/IEC 27001, Certified Network Defender (CND), Certified Threat Intelligence Analyst (CTIA), Certified Ethical Hacker (CEH).We work together with a team of European-based Cybersecurity Experts that have a proven track record of delivering state-of-the-art cybersecurity services to international clients from private and governmental sectors. Our team is certified by the biggest names in the IT industry.Our [&hellip;]<\/p>","protected":false},"author":1,"featured_media":0,"parent":0,"menu_order":0,"comment_status":"closed","ping_status":"closed","template":"","meta":{"_et_pb_use_builder":"on","_et_pb_old_content":"<!-- wp:divi\/placeholder \/-->","_et_gb_content_width":"","footnotes":""},"class_list":["post-199","page","type-page","status-publish","hentry"],"yoast_head":"<!-- This site is optimized with the Yoast SEO plugin v26.4 - https:\/\/yoast.com\/wordpress\/plugins\/seo\/ -->\n<title>Ecosystem - Luckey Technology - luckey-technology.ch<\/title>\n<meta name=\"description\" content=\"Join us in the Slow Cybersecurity\u00a9 Movement! ISO 27001, Certified Network Defender (CND), Certified Threat Intelligence Analyst (CTIA), Certified Ethical Hacker.\" \/>\n<meta name=\"robots\" content=\"index, follow, max-snippet:-1, max-image-preview:large, max-video-preview:-1\" \/>\n<link rel=\"canonical\" href=\"https:\/\/luckey-technology.ch\/fr\/ecosystem\/\" \/>\n<meta property=\"og:locale\" content=\"fr_FR\" \/>\n<meta property=\"og:type\" content=\"article\" \/>\n<meta property=\"og:title\" content=\"Ecosystem - Luckey Technology - luckey-technology.ch\" \/>\n<meta property=\"og:description\" content=\"Join us in the Slow Cybersecurity\u00a9 Movement! ISO 27001, Certified Network Defender (CND), Certified Threat Intelligence Analyst (CTIA), Certified Ethical Hacker.\" \/>\n<meta property=\"og:url\" content=\"https:\/\/luckey-technology.ch\/fr\/ecosystem\/\" \/>\n<meta property=\"og:site_name\" content=\"Luckey Technology\" \/>\n<meta property=\"article:modified_time\" content=\"2024-08-31T09:15:32+00:00\" \/>\n<meta property=\"og:image\" content=\"https:\/\/luckey-technology.ch\/wp-content\/uploads\/2024\/02\/social-media.png\" \/>\n\t<meta property=\"og:image:width\" content=\"1200\" \/>\n\t<meta property=\"og:image:height\" content=\"675\" \/>\n\t<meta property=\"og:image:type\" content=\"image\/png\" \/>\n<meta name=\"twitter:card\" content=\"summary_large_image\" \/>\n<meta name=\"twitter:label1\" content=\"Dur\u00e9e de lecture estim\u00e9e\" \/>\n\t<meta name=\"twitter:data1\" content=\"2 minutes\" \/>\n<script type=\"application\/ld+json\" class=\"yoast-schema-graph\">{\"@context\":\"https:\/\/schema.org\",\"@graph\":[{\"@type\":\"WebPage\",\"@id\":\"https:\/\/luckey-technology.ch\/ecosystem\/\",\"url\":\"https:\/\/luckey-technology.ch\/ecosystem\/\",\"name\":\"Ecosystem - Luckey Technology - luckey-technology.ch\",\"isPartOf\":{\"@id\":\"https:\/\/luckey-technology.ch\/#website\"},\"datePublished\":\"2024-02-12T06:10:39+00:00\",\"dateModified\":\"2024-08-31T09:15:32+00:00\",\"description\":\"Join us in the Slow Cybersecurity\u00a9 Movement! ISO 27001, Certified Network Defender (CND), Certified Threat Intelligence Analyst (CTIA), Certified Ethical Hacker.\",\"breadcrumb\":{\"@id\":\"https:\/\/luckey-technology.ch\/ecosystem\/#breadcrumb\"},\"inLanguage\":\"fr-FR\",\"potentialAction\":[{\"@type\":\"ReadAction\",\"target\":[\"https:\/\/luckey-technology.ch\/ecosystem\/\"]}]},{\"@type\":\"BreadcrumbList\",\"@id\":\"https:\/\/luckey-technology.ch\/ecosystem\/#breadcrumb\",\"itemListElement\":[{\"@type\":\"ListItem\",\"position\":1,\"name\":\"Home\",\"item\":\"https:\/\/luckey-technology.ch\/\"},{\"@type\":\"ListItem\",\"position\":2,\"name\":\"Ecosystem\"}]},{\"@type\":\"WebSite\",\"@id\":\"https:\/\/luckey-technology.ch\/#website\",\"url\":\"https:\/\/luckey-technology.ch\/\",\"name\":\"Luckey Technology\",\"description\":\"\",\"potentialAction\":[{\"@type\":\"SearchAction\",\"target\":{\"@type\":\"EntryPoint\",\"urlTemplate\":\"https:\/\/luckey-technology.ch\/?s={search_term_string}\"},\"query-input\":{\"@type\":\"PropertyValueSpecification\",\"valueRequired\":true,\"valueName\":\"search_term_string\"}}],\"inLanguage\":\"fr-FR\"}]}<\/script>\n<!-- \/ Yoast SEO plugin. -->","yoast_head_json":{"title":"Ecosystem - Luckey Technology - luckey-technology.ch","description":"Rejoignez-nous dans le mouvement Slow Cybersecurity\u00a9 ! ISO 27001, Certified Network Defender (CND), Certified Threat Intelligence Analyst (CTIA), Certified Ethical Hacker.","robots":{"index":"index","follow":"follow","max-snippet":"max-snippet:-1","max-image-preview":"max-image-preview:large","max-video-preview":"max-video-preview:-1"},"canonical":"https:\/\/luckey-technology.ch\/fr\/ecosystem\/","og_locale":"fr_FR","og_type":"article","og_title":"Ecosystem - Luckey Technology - luckey-technology.ch","og_description":"Join us in the Slow Cybersecurity\u00a9 Movement! ISO 27001, Certified Network Defender (CND), Certified Threat Intelligence Analyst (CTIA), Certified Ethical Hacker.","og_url":"https:\/\/luckey-technology.ch\/fr\/ecosystem\/","og_site_name":"Luckey Technology","article_modified_time":"2024-08-31T09:15:32+00:00","og_image":[{"width":1200,"height":675,"url":"https:\/\/luckey-technology.ch\/wp-content\/uploads\/2024\/02\/social-media.png","type":"image\/png"}],"twitter_card":"summary_large_image","twitter_misc":{"Dur\u00e9e de lecture estim\u00e9e":"2 minutes"},"schema":{"@context":"https:\/\/schema.org","@graph":[{"@type":"WebPage","@id":"https:\/\/luckey-technology.ch\/ecosystem\/","url":"https:\/\/luckey-technology.ch\/ecosystem\/","name":"Ecosystem - Luckey Technology - luckey-technology.ch","isPartOf":{"@id":"https:\/\/luckey-technology.ch\/#website"},"datePublished":"2024-02-12T06:10:39+00:00","dateModified":"2024-08-31T09:15:32+00:00","description":"Rejoignez-nous dans le mouvement Slow Cybersecurity\u00a9 ! ISO 27001, Certified Network Defender (CND), Certified Threat Intelligence Analyst (CTIA), Certified Ethical Hacker.","breadcrumb":{"@id":"https:\/\/luckey-technology.ch\/ecosystem\/#breadcrumb"},"inLanguage":"fr-FR","potentialAction":[{"@type":"ReadAction","target":["https:\/\/luckey-technology.ch\/ecosystem\/"]}]},{"@type":"BreadcrumbList","@id":"https:\/\/luckey-technology.ch\/ecosystem\/#breadcrumb","itemListElement":[{"@type":"ListItem","position":1,"name":"Home","item":"https:\/\/luckey-technology.ch\/"},{"@type":"ListItem","position":2,"name":"Ecosystem"}]},{"@type":"WebSite","@id":"https:\/\/luckey-technology.ch\/#website","url":"https:\/\/luckey-technology.ch\/","name":"Luckey Technology","description":"","potentialAction":[{"@type":"SearchAction","target":{"@type":"EntryPoint","urlTemplate":"https:\/\/luckey-technology.ch\/?s={search_term_string}"},"query-input":{"@type":"PropertyValueSpecification","valueRequired":true,"valueName":"search_term_string"}}],"inLanguage":"fr-FR"}]}},"_links":{"self":[{"href":"https:\/\/luckey-technology.ch\/fr\/wp-json\/wp\/v2\/pages\/199","targetHints":{"allow":["GET"]}}],"collection":[{"href":"https:\/\/luckey-technology.ch\/fr\/wp-json\/wp\/v2\/pages"}],"about":[{"href":"https:\/\/luckey-technology.ch\/fr\/wp-json\/wp\/v2\/types\/page"}],"author":[{"embeddable":true,"href":"https:\/\/luckey-technology.ch\/fr\/wp-json\/wp\/v2\/users\/1"}],"replies":[{"embeddable":true,"href":"https:\/\/luckey-technology.ch\/fr\/wp-json\/wp\/v2\/comments?post=199"}],"version-history":[{"count":24,"href":"https:\/\/luckey-technology.ch\/fr\/wp-json\/wp\/v2\/pages\/199\/revisions"}],"predecessor-version":[{"id":737,"href":"https:\/\/luckey-technology.ch\/fr\/wp-json\/wp\/v2\/pages\/199\/revisions\/737"}],"wp:attachment":[{"href":"https:\/\/luckey-technology.ch\/fr\/wp-json\/wp\/v2\/media?parent=199"}],"curies":[{"name":"wp","href":"https:\/\/api.w.org\/{rel}","templated":true}]}}